{"id":12758,"date":"2025-04-08T09:01:10","date_gmt":"2025-04-08T14:01:10","guid":{"rendered":"https:\/\/alaslibertadconsciente.com\/cursosonline\/?page_id=12758"},"modified":"2025-04-15T11:09:11","modified_gmt":"2025-04-15T16:09:11","slug":"mis-cursos","status":"publish","type":"page","link":"https:\/\/alaslibertadconsciente.com\/cursosonline\/mis-cursos\/","title":{"rendered":"Mis Cursos"},"content":{"rendered":"<p>[et_pb_section fb_built=&#8221;1&#8243; _builder_version=&#8221;4.27.4&#8243; _module_preset=&#8221;default&#8221; global_colors_info=&#8221;{}&#8221;][et_pb_row _builder_version=&#8221;4.27.4&#8243; _module_preset=&#8221;default&#8221; global_colors_info=&#8221;{}&#8221;][et_pb_column type=&#8221;4_4&#8243; _builder_version=&#8221;4.27.4&#8243; _module_preset=&#8221;default&#8221; global_colors_info=&#8221;{}&#8221;][et_pb_text _builder_version=&#8221;4.27.4&#8243; _module_preset=&#8221;default&#8221; hover_enabled=&#8221;0&#8243; global_colors_info=&#8221;{}&#8221; sticky_enabled=&#8221;0&#8243;]<\/p>\n<h1 style=\"text-align: center;\"><strong>Cursos Virtuales<\/strong><\/h1>\n<p>[\/et_pb_text][\/et_pb_column][\/et_pb_row][et_pb_row _builder_version=&#8221;4.27.4&#8243; _module_preset=&#8221;default&#8221; global_colors_info=&#8221;{}&#8221;][et_pb_column type=&#8221;4_4&#8243; _builder_version=&#8221;4.27.4&#8243; _module_preset=&#8221;default&#8221; global_colors_info=&#8221;{}&#8221;][et_pb_text _builder_version=&#8221;4.27.4&#8243; _module_preset=&#8221;default&#8221; global_colors_info=&#8221;{}&#8221;]<\/p>\n<div class=\"stm_searchbox  style_1\">\n\n\t\n\t\t<script>\n\t\t\tvar stm_lms_search_value = '';\n\t\t<\/script>\n\n\t\t<div class=\"stm_lms_courses_search vue_is_disabled\" id=\"stm_lms_courses_search\"\n\t\t\tv-bind:class=\"{'is_vue_loaded' : vue_loaded}\">\n\t\t\t{{ search }}\n\t\t\t<a v-bind:href=\"'https:\/\/alaslibertadconsciente.com\/cursosonline\/mis-cursos\/?search=' + url\"\n\t\t\t\tclass=\"stm_lms_courses_search__button sbc\">\n\t\t\t\t\t\t\t\t\t<i class=\"stmlms-magnifier\"><\/i>\n\t\t\t\t\t\t\t<\/a>\n\t\t\t<autocomplete\n\t\t\t\tname=\"search\"\n\t\t\t\tplaceholder=\"Buscar cursos...\"\n\t\t\t\turl=\"https:\/\/alaslibertadconsciente.com\/cursosonline\/wp-json\/stm-lms\/v1\/courses\"\n\t\t\t\tparam=\"search\"\n\t\t\t\tanchor=\"value\"\n\t\t\t\tlabel=\"label\"\n\t\t\t\t:on-select=\"searchCourse\"\n\t\t\t\t:on-input=\"searching\"\n\t\t\t\t:on-ajax-loaded=\"loaded\"\n\t\t\t\t:debounce=\"1000\"\n\t\t\t\tmodel=\"search\">\n\t\t\t<\/autocomplete>\n\t\t<\/div>\n\n\t<\/div>\n\n\t<div class=\"stm_lms_recent_courses\" data-offset=\"1\" data-args='{\"per_row\":\"6\",\"include_link\":true,\"style\":\"style_1\",\"image_size\":\"large\",\"course_card_info\":\"center\",\"course_card_style\":\"style_1\",\"posts_per_page\":\"5\"}'>\n\n\t\t<div class=\"stm_lms_recent_courses__terms heading_font\">\n\t\t\t<div class=\"stm_lms_recent_courses__term secondary_color active\">\n\t\t\t\tTodas las categor\u00edas\t\t\t<\/div>\n\t\t\t\t\t\t\t<div class=\"stm_lms_recent_courses__term secondary_color\" data-term=\"280\">\n\t\t\t\t\tCoach\t\t\t\t<\/div>\n\t\t\t\t\t\t\t<div class=\"stm_lms_recent_courses__term secondary_color\" data-term=\"281\">\n\t\t\t\t\tCursos y Talleres\t\t\t\t<\/div>\n\t\t\t\t\t\t\t<div class=\"stm_lms_recent_courses__term secondary_color\" data-term=\"276\">\n\t\t\t\t\tDiplomado en Angeolog\u00eda\t\t\t\t<\/div>\n\t\t\t\t\t\t\t<div class=\"stm_lms_recent_courses__term secondary_color\" data-term=\"282\">\n\t\t\t\t\tMaestr\u00eda Angelical\t\t\t\t<\/div>\n\t\t\t\t\t\t\t<div class=\"stm_lms_recent_courses__term secondary_color\" data-term=\"294\">\n\t\t\t\t\tMembres\u00eda: Expande tu Luz\t\t\t\t<\/div>\n\t\t\t\t\t<\/div>\n\n\n\t\t\t\t\t\t<div class=\"stm_lms_courses__grid stm_lms_courses__grid_6 stm_lms_courses__grid_center  stm_lms_courses__grid_found_34\"\n\t\tdata-pages=\"7\">\n\t\n\t\n<div class=\"stm_lms_courses__single stm_lms_courses__single_animation no-sale style_1 \">\n\n\t<div class=\"stm_lms_courses__single__inner\">\n\n\t\t\n<div class=\"stm_lms_courses__single--image\">\n\n\t\t<div class=\"featured-course-container\">\n\t\t\t<\/div>\n\t\n\t<a href=\"https:\/\/alaslibertadconsciente.com\/cursosonline\/mis-cursos\/diplomado-en-angeologia-grupo-40-jueves-en-la-noche\/\"\n\tclass=\"heading_font\"\n\tdata-preview=\"Vista previa de este curso\">\n\t\t<div class=\"stm_lms_courses__single--image__container\" >\n\t\t\t<div class=\"masterstudy-lazyload-image\"><img data-src=\"https:\/\/alaslibertadconsciente.com\/cursosonline\/wp-content\/uploads\/2026\/02\/DIPLO-portada-nueva-480x270.jpg\" class=\"lazyload \"><\/div>\t\t<\/div>\n\t<\/a>\n\n<\/div>\n\n\t\t<div class=\"stm_lms_courses__single--inner\">\n\n\t\t\t\n\t<div class=\"stm_lms_courses__single--terms\">\n\t\t<div class=\"stm_lms_courses__single--term\">\n\t\t\tDiplomado en Angeolog\u00eda\t\t<\/div>\n\t<\/div>\n\n\t\t\t<div class=\"stm_lms_courses__single--title\">\n\t<a href=\"https:\/\/alaslibertadconsciente.com\/cursosonline\/mis-cursos\/diplomado-en-angeologia-grupo-40-jueves-en-la-noche\/\">\n\t\t<h5>Diplomado en Angeolog\u00eda -Grupo 40- Jueves en la noche<\/h5>\n\t<\/a>\n<\/div>\n\t\t\t\t\t\t\t<div class=\"stm_lms_courses__single--meta\">\n\t\t\t\t\t\n\n\t\t\t\t\t\t\t\t\t\t<div class=\"course_available_only_in_subscription\">\n\t\t\t\t\t<div class=\"course_available_only_in_subscription__image\">\n\t\t\t\t\t\t<img decoding=\"async\" src=\"https:\/\/alaslibertadconsciente.com\/cursosonline\/wp-content\/plugins\/masterstudy-lms-learning-management-system\/_core\/assets\/img\/members_only.svg\" alt=\"\"\/>\n\t\t\t\t\t<\/div>\n\t\t\t\t\t<div class=\"course_available_only_in_subscription__title\">\n\t\t\t\t\t\tSolo los miembros\t\t\t\t\t<\/div>\n\t\t\t\t<\/div>\n\t\t\t\t\t\t\t\t<\/div>\n\t\t\t\t\n\t\t<\/div>\n\n\t\t\n<div class=\"stm_lms_courses__single--info\">\n\t\t\t<div class=\"stm_lms_courses__single--info_author\">\n\t\t\t<div class=\"stm_lms_courses__single--info_author__avatar\">\n\t\t\t\t<img alt='' src='https:\/\/secure.gravatar.com\/avatar\/b65c49f7d6955b1a59f5bd851fa3b0ac52d878f1776dcd2a1df89dd442cde5b8?s=215&#038;d=mm&#038;r=g' class='avatar avatar-215 photo' height='215' width='215' \/>\t\t\t<\/div>\n\t\t\t<div class=\"stm_lms_courses__single--info_author__login\">\n\t\t\t\tClaudia Palacio\t\t\t<\/div>\n\t\t<\/div>\n\t\n\t<div class=\"stm_lms_courses__single--info_title\">\n\t\t<a href=\"https:\/\/alaslibertadconsciente.com\/cursosonline\/mis-cursos\/diplomado-en-angeologia-grupo-40-jueves-en-la-noche\/\">\n\t\t\t<h4>Diplomado en Angeolog\u00eda -Grupo 40- Jueves en la noche<\/h4>\n\t\t<\/a>\n\t<\/div>\n\n\t<div class=\"stm_lms_courses__single--info_rate\">\n\n\t\t\n\t\t\n\t<\/div>\n\n\t<div class=\"stm_lms_courses__single--info_excerpt\">\n\t\tEl contenido se desarrolla en\u00a0 8 meses, as\u00ed: Cuatro clases al mes on line en vivo de 2 horas cada una desde Zoom,\u00a0 contenido en v\u00eddeo, meditaciones...\t<\/div>\n\n\t<div class=\"stm_lms_courses__single--info_meta\">\n\t\t\t<div class=\"stm_lms_course__meta\">\n\t\t<i class=\"stmlms-level\"><\/i>\n\t\tPrincipiante\t<\/div>\n\n\t<div class=\"stm_lms_course__meta\">\n\t\t<i class=\"stmlms-cats\"><\/i>\n\t\t10 Conferencias\t<\/div>\n\n\t<\/div>\n\n\t<div class=\"stm_lms_courses__single--info_preview\">\n\t\t<a href=\"https:\/\/alaslibertadconsciente.com\/cursosonline\/mis-cursos\/diplomado-en-angeologia-grupo-40-jueves-en-la-noche\/\" title=\"Diplomado en Angeolog\u00eda -Grupo 40- Jueves en la noche\" class=\"heading_font\">\n\t\t\tVista previa de este curso\t\t<\/a>\n\t<\/div>\n\n\t<div class=\"stm_lms_courses__single--info_bottom\">\n\t\t\t<div class=\"stm-lms-wishlist\">\n\t\t<a href=\"https:\/\/alaslibertadconsciente.com\/cursosonline\/cuenta-del-usuario\/\">\n\t\t\t<i class=\"stmlms-heart-3\"><\/i>\n\t\t\t<span>A\u00f1adir a la lista de deseos<\/span>\n\t\t<\/a>\n\t<\/div>\n\t\n\t\t\t\t\t\t<div class=\"course_available_only_in_subscription\">\n\t\t\t\t\t<div class=\"course_available_only_in_subscription__image\">\n\t\t\t\t\t\t<img decoding=\"async\" src=\"https:\/\/alaslibertadconsciente.com\/cursosonline\/wp-content\/plugins\/masterstudy-lms-learning-management-system\/_core\/assets\/img\/members_only.svg\" alt=\"\"\/>\n\t\t\t\t\t<\/div>\n\t\t\t\t\t<div class=\"course_available_only_in_subscription__title\">\n\t\t\t\t\t\tSolo los miembros\t\t\t\t\t<\/div>\n\t\t\t\t<\/div>\n\t\t\t\t\t<\/div>\n\n\n<\/div>\n\n\t<\/div>\n\n<\/div>\n\n<div class=\"stm_lms_courses__single stm_lms_courses__single_animation no-sale style_1 \">\n\n\t<div class=\"stm_lms_courses__single__inner\">\n\n\t\t\n<div class=\"stm_lms_courses__single--image\">\n\n\t\t<div class=\"featured-course-container\">\n\t\t\t<\/div>\n\t\n\t<a href=\"https:\/\/alaslibertadconsciente.com\/cursosonline\/mis-cursos\/maestria-angelical-grupo-6-miercoles-en-la-noche\/\"\n\tclass=\"heading_font\"\n\tdata-preview=\"Vista previa de este curso\">\n\t\t<div class=\"stm_lms_courses__single--image__container\" >\n\t\t\t<div class=\"masterstudy-lazyload-image\"><img data-src=\"https:\/\/alaslibertadconsciente.com\/cursosonline\/wp-content\/uploads\/2024\/11\/Maestria-panoramico-fondo-480x270.jpg\" class=\"lazyload \"><\/div>\t\t<\/div>\n\t<\/a>\n\n<\/div>\n\n\t\t<div class=\"stm_lms_courses__single--inner\">\n\n\t\t\t\n\t<div class=\"stm_lms_courses__single--terms\">\n\t\t<div class=\"stm_lms_courses__single--term\">\n\t\t\tMaestr\u00eda Angelical\t\t<\/div>\n\t<\/div>\n\n\t\t\t<div class=\"stm_lms_courses__single--title\">\n\t<a href=\"https:\/\/alaslibertadconsciente.com\/cursosonline\/mis-cursos\/maestria-angelical-grupo-6-miercoles-en-la-noche\/\">\n\t\t<h5>Maestr\u00eda Angelical \u2013 Grupo 6 \u2013 Mi\u00e9rcoles en la noche<\/h5>\n\t<\/a>\n<\/div>\n\t\t\t\t\t\t\t<div class=\"stm_lms_courses__single--meta\">\n\t\t\t\t\t\n\n\t\t\t\t\t\t\t<div class=\"stm_lms_courses__single--price heading_font\">\n\t\t\t\t\t<strong>$242,000<\/strong>\n\t\t\t\t<\/div>\n\t\t\t\t\t<\/div>\n\t\t\t\t\n\t\t<\/div>\n\n\t\t\n<div class=\"stm_lms_courses__single--info\">\n\t\t\t<div class=\"stm_lms_courses__single--info_author\">\n\t\t\t<div class=\"stm_lms_courses__single--info_author__avatar\">\n\t\t\t\t<img alt='' src='https:\/\/secure.gravatar.com\/avatar\/b65c49f7d6955b1a59f5bd851fa3b0ac52d878f1776dcd2a1df89dd442cde5b8?s=215&#038;d=mm&#038;r=g' class='avatar avatar-215 photo' height='215' width='215' \/>\t\t\t<\/div>\n\t\t\t<div class=\"stm_lms_courses__single--info_author__login\">\n\t\t\t\tClaudia Palacio\t\t\t<\/div>\n\t\t<\/div>\n\t\n\t<div class=\"stm_lms_courses__single--info_title\">\n\t\t<a href=\"https:\/\/alaslibertadconsciente.com\/cursosonline\/mis-cursos\/maestria-angelical-grupo-6-miercoles-en-la-noche\/\">\n\t\t\t<h4>Maestr\u00eda Angelical \u2013 Grupo 6 \u2013 Mi\u00e9rcoles en la noche<\/h4>\n\t\t<\/a>\n\t<\/div>\n\n\t<div class=\"stm_lms_courses__single--info_rate\">\n\n\t\t\n\t\t\n\t<\/div>\n\n\t<div class=\"stm_lms_courses__single--info_excerpt\">\n\t\tEn esta Maestr\u00eda aprender\u00e1s a usar diferentes herramientas de energ\u00eda Angelical que te permitir\u00e1 a ti como servidor de Luz apoyar los procesos de s...\t<\/div>\n\n\t<div class=\"stm_lms_courses__single--info_meta\">\n\t\t\t<div class=\"stm_lms_course__meta\">\n\t\t<i class=\"stmlms-level\"><\/i>\n\t\tAvanzado\t<\/div>\n\n\t<div class=\"stm_lms_course__meta\">\n\t\t<i class=\"stmlms-cats\"><\/i>\n\t\t41 Conferencias\t<\/div>\n\n\t<\/div>\n\n\t<div class=\"stm_lms_courses__single--info_preview\">\n\t\t<a href=\"https:\/\/alaslibertadconsciente.com\/cursosonline\/mis-cursos\/maestria-angelical-grupo-6-miercoles-en-la-noche\/\" title=\"Maestr\u00eda Angelical \u2013 Grupo 6 \u2013 Mi\u00e9rcoles en la noche\" class=\"heading_font\">\n\t\t\tVista previa de este curso\t\t<\/a>\n\t<\/div>\n\n\t<div class=\"stm_lms_courses__single--info_bottom\">\n\t\t\t<div class=\"stm-lms-wishlist\">\n\t\t<a href=\"https:\/\/alaslibertadconsciente.com\/cursosonline\/cuenta-del-usuario\/\">\n\t\t\t<i class=\"stmlms-heart-3\"><\/i>\n\t\t\t<span>A\u00f1adir a la lista de deseos<\/span>\n\t\t<\/a>\n\t<\/div>\n\t\n\t\t\t<div class=\"stm_lms_courses__single--price heading_font\">\n\t\t\t\t\t<strong>$242,000<\/strong>\n\t\t\t\t<\/div>\n\t\t<\/div>\n\n\n<\/div>\n\n\t<\/div>\n\n<\/div>\n\n<div class=\"stm_lms_courses__single stm_lms_courses__single_animation no-sale style_1 \">\n\n\t<div class=\"stm_lms_courses__single__inner\">\n\n\t\t\n<div class=\"stm_lms_courses__single--image\">\n\n\t\t<div class=\"featured-course-container\">\n\t\t\t<\/div>\n\t\n\t<a href=\"https:\/\/alaslibertadconsciente.com\/cursosonline\/mis-cursos\/maestria-angelical-grupo-5-jueves-en-la-manana\/\"\n\tclass=\"heading_font\"\n\tdata-preview=\"Vista previa de este curso\">\n\t\t<div class=\"stm_lms_courses__single--image__container\" >\n\t\t\t<div class=\"masterstudy-lazyload-image\"><img data-src=\"https:\/\/alaslibertadconsciente.com\/cursosonline\/wp-content\/uploads\/2022\/09\/Maestria-color.jpg\" class=\"lazyload \"><\/div>\t\t<\/div>\n\t<\/a>\n\n<\/div>\n\n\t\t<div class=\"stm_lms_courses__single--inner\">\n\n\t\t\t\n\t<div class=\"stm_lms_courses__single--terms\">\n\t\t<div class=\"stm_lms_courses__single--term\">\n\t\t\tMaestr\u00eda Angelical\t\t<\/div>\n\t<\/div>\n\n\t\t\t<div class=\"stm_lms_courses__single--title\">\n\t<a href=\"https:\/\/alaslibertadconsciente.com\/cursosonline\/mis-cursos\/maestria-angelical-grupo-5-jueves-en-la-manana\/\">\n\t\t<h5>Maestr\u00eda Angelical \u2013 Grupo 5 \u2013 Jueves en la ma\u00f1ana<\/h5>\n\t<\/a>\n<\/div>\n\t\t\t\t\t\t\t<div class=\"stm_lms_courses__single--meta\">\n\t\t\t\t\t\n\n\t\t\t\t\t\t\t<div class=\"stm_lms_courses__single--price heading_font\">\n\t\t\t\t\t<strong>$212,000<\/strong>\n\t\t\t\t<\/div>\n\t\t\t\t\t<\/div>\n\t\t\t\t\n\t\t<\/div>\n\n\t\t\n<div class=\"stm_lms_courses__single--info\">\n\t\t\t<div class=\"stm_lms_courses__single--info_author\">\n\t\t\t<div class=\"stm_lms_courses__single--info_author__avatar\">\n\t\t\t\t<img alt='' src='https:\/\/secure.gravatar.com\/avatar\/b65c49f7d6955b1a59f5bd851fa3b0ac52d878f1776dcd2a1df89dd442cde5b8?s=215&#038;d=mm&#038;r=g' class='avatar avatar-215 photo' height='215' width='215' \/>\t\t\t<\/div>\n\t\t\t<div class=\"stm_lms_courses__single--info_author__login\">\n\t\t\t\tClaudia Palacio\t\t\t<\/div>\n\t\t<\/div>\n\t\n\t<div class=\"stm_lms_courses__single--info_title\">\n\t\t<a href=\"https:\/\/alaslibertadconsciente.com\/cursosonline\/mis-cursos\/maestria-angelical-grupo-5-jueves-en-la-manana\/\">\n\t\t\t<h4>Maestr\u00eda Angelical \u2013 Grupo 5 \u2013 Jueves en la ma\u00f1ana<\/h4>\n\t\t<\/a>\n\t<\/div>\n\n\t<div class=\"stm_lms_courses__single--info_rate\">\n\n\t\t\n\t\t\n\t<\/div>\n\n\t<div class=\"stm_lms_courses__single--info_excerpt\">\n\t\tEn esta Maestr&iacute;a aprender&aacute;s a usar diferentes herramientas de energ&iacute;a Angelical que te permitir&aacute; a ti como servidor de ...\t<\/div>\n\n\t<div class=\"stm_lms_courses__single--info_meta\">\n\t\t\t<div class=\"stm_lms_course__meta\">\n\t\t<i class=\"stmlms-level\"><\/i>\n\t\tIntermedio\t<\/div>\n\n\t<div class=\"stm_lms_course__meta\">\n\t\t<i class=\"stmlms-cats\"><\/i>\n\t\t60 Conferencias\t<\/div>\n\n\t<\/div>\n\n\t<div class=\"stm_lms_courses__single--info_preview\">\n\t\t<a href=\"https:\/\/alaslibertadconsciente.com\/cursosonline\/mis-cursos\/maestria-angelical-grupo-5-jueves-en-la-manana\/\" title=\"Maestr\u00eda Angelical \u2013 Grupo 5 \u2013 Jueves en la ma\u00f1ana\" class=\"heading_font\">\n\t\t\tVista previa de este curso\t\t<\/a>\n\t<\/div>\n\n\t<div class=\"stm_lms_courses__single--info_bottom\">\n\t\t\t<div class=\"stm-lms-wishlist\">\n\t\t<a href=\"https:\/\/alaslibertadconsciente.com\/cursosonline\/cuenta-del-usuario\/\">\n\t\t\t<i class=\"stmlms-heart-3\"><\/i>\n\t\t\t<span>A\u00f1adir a la lista de deseos<\/span>\n\t\t<\/a>\n\t<\/div>\n\t\n\t\t\t<div class=\"stm_lms_courses__single--price heading_font\">\n\t\t\t\t\t<strong>$212,000<\/strong>\n\t\t\t\t<\/div>\n\t\t<\/div>\n\n\n<\/div>\n\n\t<\/div>\n\n<\/div>\n\n<div class=\"stm_lms_courses__single stm_lms_courses__single_animation no-sale style_1 \">\n\n\t<div class=\"stm_lms_courses__single__inner\">\n\n\t\t\n<div class=\"stm_lms_courses__single--image\">\n\n\t\t<div class=\"featured-course-container\">\n\t\t\t<\/div>\n\t\n\t<a href=\"https:\/\/alaslibertadconsciente.com\/cursosonline\/mis-cursos\/diplomado-en-angeologia-grupo-39-martes-en-la-noche\/\"\n\tclass=\"heading_font\"\n\tdata-preview=\"Vista previa de este curso\">\n\t\t<div class=\"stm_lms_courses__single--image__container\" >\n\t\t\t<div class=\"masterstudy-lazyload-image\"><img data-src=\"https:\/\/alaslibertadconsciente.com\/cursosonline\/wp-content\/uploads\/2025\/08\/DIPLO-cuadrado-para-pagina.jpg\" class=\"lazyload \"><\/div>\t\t<\/div>\n\t<\/a>\n\n<\/div>\n\n\t\t<div class=\"stm_lms_courses__single--inner\">\n\n\t\t\t\n\t<div class=\"stm_lms_courses__single--terms\">\n\t\t<div class=\"stm_lms_courses__single--term\">\n\t\t\tDiplomado en Angeolog\u00eda\t\t<\/div>\n\t<\/div>\n\n\t\t\t<div class=\"stm_lms_courses__single--title\">\n\t<a href=\"https:\/\/alaslibertadconsciente.com\/cursosonline\/mis-cursos\/diplomado-en-angeologia-grupo-39-martes-en-la-noche\/\">\n\t\t<h5>Diplomado en Angeolog\u00eda -Grupo 39- Martes en la noche<\/h5>\n\t<\/a>\n<\/div>\n\t\t\t\t\t\t\t<div class=\"stm_lms_courses__single--meta\">\n\t\t\t\t\t\n\n\t\t\t\t\t\t\t<div class=\"stm_lms_courses__single--price heading_font\">\n\t\t\t\t\t<strong>$212,000<\/strong>\n\t\t\t\t<\/div>\n\t\t\t\t\t<\/div>\n\t\t\t\t\n\t\t<\/div>\n\n\t\t\n<div class=\"stm_lms_courses__single--info\">\n\t\t\t<div class=\"stm_lms_courses__single--info_author\">\n\t\t\t<div class=\"stm_lms_courses__single--info_author__avatar\">\n\t\t\t\t<img alt='' src='https:\/\/secure.gravatar.com\/avatar\/b65c49f7d6955b1a59f5bd851fa3b0ac52d878f1776dcd2a1df89dd442cde5b8?s=215&#038;d=mm&#038;r=g' class='avatar avatar-215 photo' height='215' width='215' \/>\t\t\t<\/div>\n\t\t\t<div class=\"stm_lms_courses__single--info_author__login\">\n\t\t\t\tClaudia Palacio\t\t\t<\/div>\n\t\t<\/div>\n\t\n\t<div class=\"stm_lms_courses__single--info_title\">\n\t\t<a href=\"https:\/\/alaslibertadconsciente.com\/cursosonline\/mis-cursos\/diplomado-en-angeologia-grupo-39-martes-en-la-noche\/\">\n\t\t\t<h4>Diplomado en Angeolog\u00eda -Grupo 39- Martes en la noche<\/h4>\n\t\t<\/a>\n\t<\/div>\n\n\t<div class=\"stm_lms_courses__single--info_rate\">\n\n\t\t\n\t\t\n\t<\/div>\n\n\t<div class=\"stm_lms_courses__single--info_excerpt\">\n\t\t[et_pb_section admin_label=&#8221;section&#8221;] [et_pb_row admin_label=&#8221;row&#8221;] [et_pb_column type=&#8221;4_4&#8243;][et_pb_text admin_...\t<\/div>\n\n\t<div class=\"stm_lms_courses__single--info_meta\">\n\t\t\t<div class=\"stm_lms_course__meta\">\n\t\t<i class=\"stmlms-level\"><\/i>\n\t\tPrincipiante\t<\/div>\n\n\t<div class=\"stm_lms_course__meta\">\n\t\t<i class=\"stmlms-cats\"><\/i>\n\t\t31 Conferencias\t<\/div>\n\n\t<\/div>\n\n\t<div class=\"stm_lms_courses__single--info_preview\">\n\t\t<a href=\"https:\/\/alaslibertadconsciente.com\/cursosonline\/mis-cursos\/diplomado-en-angeologia-grupo-39-martes-en-la-noche\/\" title=\"Diplomado en Angeolog\u00eda -Grupo 39- Martes en la noche\" class=\"heading_font\">\n\t\t\tVista previa de este curso\t\t<\/a>\n\t<\/div>\n\n\t<div class=\"stm_lms_courses__single--info_bottom\">\n\t\t\t<div class=\"stm-lms-wishlist\">\n\t\t<a href=\"https:\/\/alaslibertadconsciente.com\/cursosonline\/cuenta-del-usuario\/\">\n\t\t\t<i class=\"stmlms-heart-3\"><\/i>\n\t\t\t<span>A\u00f1adir a la lista de deseos<\/span>\n\t\t<\/a>\n\t<\/div>\n\t\n\t\t\t<div class=\"stm_lms_courses__single--price heading_font\">\n\t\t\t\t\t<strong>$212,000<\/strong>\n\t\t\t\t<\/div>\n\t\t<\/div>\n\n\n<\/div>\n\n\t<\/div>\n\n<\/div>\n\n<div class=\"stm_lms_courses__single stm_lms_courses__single_animation no-sale style_1 \">\n\n\t<div class=\"stm_lms_courses__single__inner\">\n\n\t\t\n<div class=\"stm_lms_courses__single--image\">\n\n\t\t<div class=\"featured-course-container\">\n\t\t\t<\/div>\n\t\n\t<a href=\"https:\/\/alaslibertadconsciente.com\/cursosonline\/mis-cursos\/coach-espiritual-grupo-14-jueves-noche\/\"\n\tclass=\"heading_font\"\n\tdata-preview=\"Vista previa de este curso\">\n\t\t<div class=\"stm_lms_courses__single--image__container\" >\n\t\t\t<div class=\"masterstudy-lazyload-image\"><img data-src=\"https:\/\/alaslibertadconsciente.com\/cursosonline\/wp-content\/uploads\/2024\/07\/Portada-presentacion.jpg\" class=\"lazyload \"><\/div>\t\t<\/div>\n\t<\/a>\n\n<\/div>\n\n\t\t<div class=\"stm_lms_courses__single--inner\">\n\n\t\t\t\n\t<div class=\"stm_lms_courses__single--terms\">\n\t\t<div class=\"stm_lms_courses__single--term\">\n\t\t\tCoach\t\t<\/div>\n\t<\/div>\n\n\t\t\t<div class=\"stm_lms_courses__single--title\">\n\t<a href=\"https:\/\/alaslibertadconsciente.com\/cursosonline\/mis-cursos\/coach-espiritual-grupo-14-jueves-noche\/\">\n\t\t<h5>FINALIZADO &#8211; Coach Espiritual \u2013 Grupo #14 \u2013 Jueves Noche<\/h5>\n\t<\/a>\n<\/div>\n\t\t\t\t\t\t\t<div class=\"stm_lms_courses__single--meta\">\n\t\t\t\t\t\n\n\t\t\t\t\t\t\t<div class=\"stm_lms_courses__single--price heading_font\">\n\t\t\t\t\t<strong>$212,000<\/strong>\n\t\t\t\t<\/div>\n\t\t\t\t\t<\/div>\n\t\t\t\t\n\t\t<\/div>\n\n\t\t\n<div class=\"stm_lms_courses__single--info\">\n\t\t\t<div class=\"stm_lms_courses__single--info_author\">\n\t\t\t<div class=\"stm_lms_courses__single--info_author__avatar\">\n\t\t\t\t<img alt='' src='https:\/\/secure.gravatar.com\/avatar\/b65c49f7d6955b1a59f5bd851fa3b0ac52d878f1776dcd2a1df89dd442cde5b8?s=215&#038;d=mm&#038;r=g' class='avatar avatar-215 photo' height='215' width='215' \/>\t\t\t<\/div>\n\t\t\t<div class=\"stm_lms_courses__single--info_author__login\">\n\t\t\t\tClaudia Palacio\t\t\t<\/div>\n\t\t<\/div>\n\t\n\t<div class=\"stm_lms_courses__single--info_title\">\n\t\t<a href=\"https:\/\/alaslibertadconsciente.com\/cursosonline\/mis-cursos\/coach-espiritual-grupo-14-jueves-noche\/\">\n\t\t\t<h4>FINALIZADO &#8211; Coach Espiritual \u2013 Grupo #14 \u2013 Jueves Noche<\/h4>\n\t\t<\/a>\n\t<\/div>\n\n\t<div class=\"stm_lms_courses__single--info_rate\">\n\n\t\t\n\t\t\n\t<\/div>\n\n\t<div class=\"stm_lms_courses__single--info_excerpt\">\n\t\t\t<\/div>\n\n\t<div class=\"stm_lms_courses__single--info_meta\">\n\t\t\t<div class=\"stm_lms_course__meta\">\n\t\t<i class=\"stmlms-level\"><\/i>\n\t\tIntermedio\t<\/div>\n\n\t<div class=\"stm_lms_course__meta\">\n\t\t<i class=\"stmlms-cats\"><\/i>\n\t\t27 Conferencias\t<\/div>\n\n\t<\/div>\n\n\t<div class=\"stm_lms_courses__single--info_preview\">\n\t\t<a href=\"https:\/\/alaslibertadconsciente.com\/cursosonline\/mis-cursos\/coach-espiritual-grupo-14-jueves-noche\/\" title=\"FINALIZADO &#8211; Coach Espiritual \u2013 Grupo #14 \u2013 Jueves Noche\" class=\"heading_font\">\n\t\t\tVista previa de este curso\t\t<\/a>\n\t<\/div>\n\n\t<div class=\"stm_lms_courses__single--info_bottom\">\n\t\t\t<div class=\"stm-lms-wishlist\">\n\t\t<a href=\"https:\/\/alaslibertadconsciente.com\/cursosonline\/cuenta-del-usuario\/\">\n\t\t\t<i class=\"stmlms-heart-3\"><\/i>\n\t\t\t<span>A\u00f1adir a la lista de deseos<\/span>\n\t\t<\/a>\n\t<\/div>\n\t\n\t\t\t<div class=\"stm_lms_courses__single--price heading_font\">\n\t\t\t\t\t<strong>$212,000<\/strong>\n\t\t\t\t<\/div>\n\t\t<\/div>\n\n\n<\/div>\n\n\t<\/div>\n\n<\/div>\n\t\t<\/div>\n\n\t\t<div class=\"stm_lms_recent_courses__all text-center\">\n\t\t\t<a href=\"https:\/\/alaslibertadconsciente.com\/cursosonline\/mis-cursos\/\" class=\"btn btn-default\" target=\"_blank\">\n\t\t\t\tMostrar todos\t\t\t<\/a>\n\t\t<\/div>\n\n\t<\/div>\n\t\n<p>[\/et_pb_text][\/et_pb_column][\/et_pb_row][\/et_pb_section]<\/p>\n","protected":false},"excerpt":{"rendered":"<p>[et_pb_section fb_built=&#8221;1&#8243; _builder_version=&#8221;4.27.4&#8243; _module_preset=&#8221;default&#8221; global_colors_info=&#8221;{}&#8221;][et_pb_row _builder_version=&#8221;4.27.4&#8243; _module_preset=&#8221;default&#8221; global_colors_info=&#8221;{}&#8221;][et_pb_column type=&#8221;4_4&#8243; _builder_version=&#8221;4.27.4&#8243; _module_preset=&#8221;default&#8221; global_colors_info=&#8221;{}&#8221;][et_pb_text _builder_version=&#8221;4.27.4&#8243; _module_preset=&#8221;default&#8221; hover_enabled=&#8221;0&#8243; global_colors_info=&#8221;{}&#8221; sticky_enabled=&#8221;0&#8243;] Cursos Virtuales [\/et_pb_text][\/et_pb_column][\/et_pb_row][et_pb_row _builder_version=&#8221;4.27.4&#8243; _module_preset=&#8221;default&#8221; global_colors_info=&#8221;{}&#8221;][et_pb_column type=&#8221;4_4&#8243; _builder_version=&#8221;4.27.4&#8243; _module_preset=&#8221;default&#8221; global_colors_info=&#8221;{}&#8221;][et_pb_text _builder_version=&#8221;4.27.4&#8243; _module_preset=&#8221;default&#8221; global_colors_info=&#8221;{}&#8221;] [\/et_pb_text][\/et_pb_column][\/et_pb_row][\/et_pb_section]<\/p>\n","protected":false},"author":3,"featured_media":0,"parent":0,"menu_order":0,"comment_status":"closed","ping_status":"closed","template":"","meta":{"_et_pb_use_builder":"on","_et_pb_old_content":"","_et_gb_content_width":"","footnotes":""},"class_list":["post-12758","page","type-page","status-publish","hentry"],"_links":{"self":[{"href":"https:\/\/alaslibertadconsciente.com\/cursosonline\/wp-json\/wp\/v2\/pages\/12758","targetHints":{"allow":["GET"]}}],"collection":[{"href":"https:\/\/alaslibertadconsciente.com\/cursosonline\/wp-json\/wp\/v2\/pages"}],"about":[{"href":"https:\/\/alaslibertadconsciente.com\/cursosonline\/wp-json\/wp\/v2\/types\/page"}],"author":[{"embeddable":true,"href":"https:\/\/alaslibertadconsciente.com\/cursosonline\/wp-json\/wp\/v2\/users\/3"}],"replies":[{"embeddable":true,"href":"https:\/\/alaslibertadconsciente.com\/cursosonline\/wp-json\/wp\/v2\/comments?post=12758"}],"version-history":[{"count":9,"href":"https:\/\/alaslibertadconsciente.com\/cursosonline\/wp-json\/wp\/v2\/pages\/12758\/revisions"}],"predecessor-version":[{"id":12871,"href":"https:\/\/alaslibertadconsciente.com\/cursosonline\/wp-json\/wp\/v2\/pages\/12758\/revisions\/12871"}],"wp:attachment":[{"href":"https:\/\/alaslibertadconsciente.com\/cursosonline\/wp-json\/wp\/v2\/media?parent=12758"}],"curies":[{"name":"wp","href":"https:\/\/api.w.org\/{rel}","templated":true}]}}