{"id":12340,"date":"2024-11-26T17:10:51","date_gmt":"2024-11-26T22:10:51","guid":{"rendered":"https:\/\/alaslibertadconsciente.com\/cursosonline\/?post_type=product&#038;p=12340"},"modified":"2025-09-15T12:26:31","modified_gmt":"2025-09-15T17:26:31","slug":"cierre-de-ciclos-taller-virtual","status":"publish","type":"product","link":"https:\/\/alaslibertadconsciente.com\/cursosonline\/product\/cierre-de-ciclos-taller-virtual\/","title":{"rendered":"Cierre de Ciclos &#8211; Taller Virtual"},"content":{"rendered":"<div>\u2728 Taller Cierre de Ciclos \u2728<\/div>\n<div><\/div>\n<div>\ud83d\udcab\u00bfSientes que es momento de soltar todo aquello que te ha limitado? te invito a un camino de transformaci\u00f3n y expansi\u00f3n para cerrar de manera definitiva esos ciclos de dolor, escasez y limitaci\u00f3n.<\/div>\n<div><\/div>\n<div>En el Taller Cierre de Ciclos, a trav\u00e9s de la conexi\u00f3n con cinco arc\u00e1ngeles poderosos, vivir\u00e1s una experiencia profunda de sanaci\u00f3n y liberaci\u00f3n. Este es un espacio para soltar esas viejas creencias y emociones que te han mantenido en un lugar de carencia o soledad, y darle la bienvenida a una nueva etapa de tu vida, llena de plenitud y crecimiento.<\/div>\n<div><\/div>\n<div>\ud83c\udf1f \u00bfQu\u00e9 Vivir\u00e1s en Este Taller?<\/div>\n<div><\/div>\n<div>* Conexi\u00f3n profunda con arc\u00e1ngeles que te guiar\u00e1n en la sanaci\u00f3n de heridas emocionales y el cierre de ciclos que te han limitado.<\/div>\n<div>* Corte de lazos y procesos de perd\u00f3n que liberar\u00e1n tu energ\u00eda de ataduras del pasado, facilitando una experiencia de renovaci\u00f3n completa.<\/div>\n<div>* Expansi\u00f3n energ\u00e9tica para anclar en tu ser esa nueva versi\u00f3n de ti misma que mereces manifestar: una vida plena, con paz y abundancia.<\/div>\n<div><\/div>\n<div>Este no es un taller m\u00e1s: es una experiencia vivencial donde podr\u00e1s limpiar tu energ\u00eda de bloqueos, limitaciones y emociones que ya no deseas cargar contigo.<\/div>\n","protected":false},"excerpt":{"rendered":"<h2>Este taller queda grabado por tiempo limitado, para que lo puedas ver despu\u00e9s.<\/h2>\n","protected":false},"featured_media":12341,"comment_status":"open","ping_status":"closed","template":"","meta":{"_et_pb_use_builder":"","_et_pb_old_content":"","_et_gb_content_width":""},"product_brand":[],"product_cat":[284],"product_tag":[],"class_list":{"0":"post-12340","1":"product","2":"type-product","3":"status-publish","4":"has-post-thumbnail","6":"product_cat-talleres_y_eventos","8":"first","9":"instock","10":"virtual","11":"purchasable","12":"product-type-simple"},"_links":{"self":[{"href":"https:\/\/alaslibertadconsciente.com\/cursosonline\/wp-json\/wp\/v2\/product\/12340","targetHints":{"allow":["GET"]}}],"collection":[{"href":"https:\/\/alaslibertadconsciente.com\/cursosonline\/wp-json\/wp\/v2\/product"}],"about":[{"href":"https:\/\/alaslibertadconsciente.com\/cursosonline\/wp-json\/wp\/v2\/types\/product"}],"replies":[{"embeddable":true,"href":"https:\/\/alaslibertadconsciente.com\/cursosonline\/wp-json\/wp\/v2\/comments?post=12340"}],"wp:featuredmedia":[{"embeddable":true,"href":"https:\/\/alaslibertadconsciente.com\/cursosonline\/wp-json\/wp\/v2\/media\/12341"}],"wp:attachment":[{"href":"https:\/\/alaslibertadconsciente.com\/cursosonline\/wp-json\/wp\/v2\/media?parent=12340"}],"wp:term":[{"taxonomy":"product_brand","embeddable":true,"href":"https:\/\/alaslibertadconsciente.com\/cursosonline\/wp-json\/wp\/v2\/product_brand?post=12340"},{"taxonomy":"product_cat","embeddable":true,"href":"https:\/\/alaslibertadconsciente.com\/cursosonline\/wp-json\/wp\/v2\/product_cat?post=12340"},{"taxonomy":"product_tag","embeddable":true,"href":"https:\/\/alaslibertadconsciente.com\/cursosonline\/wp-json\/wp\/v2\/product_tag?post=12340"}],"curies":[{"name":"wp","href":"https:\/\/api.w.org\/{rel}","templated":true}]}}