{"id":13088,"date":"2025-07-07T17:16:36","date_gmt":"2025-07-07T22:16:36","guid":{"rendered":"https:\/\/alaslibertadconsciente.com\/cursosonline\/?post_type=product&#038;p=13088"},"modified":"2025-10-22T11:15:17","modified_gmt":"2025-10-22T16:15:17","slug":"manifestacion-y-abundancia-con-el-arcangel-uriel-ebook-libro-virtual","status":"publish","type":"product","link":"https:\/\/alaslibertadconsciente.com\/cursosonline\/product\/manifestacion-y-abundancia-con-el-arcangel-uriel-ebook-libro-virtual\/","title":{"rendered":"Manifestaci\u00f3n y Abundancia con el Arc\u00e1ngel Uriel \u2013 EBook (Libro virtual)"},"content":{"rendered":"<p data-start=\"406\" data-end=\"491\"><strong data-start=\"406\" data-end=\"491\">Descripci\u00f3n extendida del eBook: Manifestaci\u00f3n y Abundancia con el Arc\u00e1ngel Uriel<\/strong><\/p>\n<p data-start=\"493\" data-end=\"831\">Descubre el poder transformador de la energ\u00eda del Arc\u00e1ngel Uriel y aprende a manifestar una vida de plenitud, prop\u00f3sito y abundancia. Este eBook ha sido dise\u00f1ado como una gu\u00eda pr\u00e1ctica y espiritual para acompa\u00f1arte en un viaje de reconexi\u00f3n con tu luz interior, despertando tu sabidur\u00eda divina y activando la prosperidad desde tu esencia.<\/p>\n<p data-start=\"833\" data-end=\"1141\">A trav\u00e9s de reflexiones, ejercicios, decretos y herramientas canalizadas, abrir\u00e1s tus canales energ\u00e9ticos para permitir que la abundancia fluya naturalmente en tu vida. Uriel te ayudar\u00e1 a liberar miedos, cambiar tu mentalidad y sintonizarte con el merecimiento, la claridad mental y el poder de la intenci\u00f3n.<\/p>\n<p data-start=\"1143\" data-end=\"1329\">Ideal para quienes desean crear una vida m\u00e1s consciente, armoniosa y conectada con lo divino, este libro es un faro de luz para transformar tu realidad desde el amor y la gu\u00eda angelical.<\/p>\n<p><strong>Sobre la Autora:<\/strong><br \/>\nClaudia Palacio Mart\u00ednez es nuestra maestra de Luz, canalizadora en el \u00e1mbito de la espiritualidad y la sanaci\u00f3n. Con muchos a\u00f1os de experiencia, Claudia ha ayudado a muchas personas a conectar con sus \u00e1ngeles y a descubrir su propio poder interior.<\/p>\n","protected":false},"excerpt":{"rendered":"<p>Descubre el poder de la Manifestaci\u00f3n y la abundancia con este libro virtual descargable, escrito y canalizado por nuestra Coach espiritual y terapeuta Angelical Claudia Palacio Mart\u00ednez. Sum\u00e9rgete en un viaje de prosperidad y manifestaci\u00f3n, guiado por la luz y amor del Arc\u00e1ngel Uriel<\/p>\n","protected":false},"featured_media":0,"comment_status":"open","ping_status":"closed","template":"","meta":{"_et_pb_use_builder":"","_et_pb_old_content":"","_et_gb_content_width":""},"product_brand":[],"product_cat":[291],"product_tag":[305,301,302,304,303],"class_list":{"0":"post-13088","1":"product","2":"type-product","3":"status-publish","5":"product_cat-libros-virtuales","6":"product_tag-abundancia","7":"product_tag-ebook","8":"product_tag-libro","9":"product_tag-manifestacion","10":"product_tag-uriel","12":"first","13":"instock","14":"downloadable","15":"virtual","16":"sold-individually","17":"purchasable","18":"product-type-simple"},"_links":{"self":[{"href":"https:\/\/alaslibertadconsciente.com\/cursosonline\/wp-json\/wp\/v2\/product\/13088","targetHints":{"allow":["GET"]}}],"collection":[{"href":"https:\/\/alaslibertadconsciente.com\/cursosonline\/wp-json\/wp\/v2\/product"}],"about":[{"href":"https:\/\/alaslibertadconsciente.com\/cursosonline\/wp-json\/wp\/v2\/types\/product"}],"replies":[{"embeddable":true,"href":"https:\/\/alaslibertadconsciente.com\/cursosonline\/wp-json\/wp\/v2\/comments?post=13088"}],"wp:attachment":[{"href":"https:\/\/alaslibertadconsciente.com\/cursosonline\/wp-json\/wp\/v2\/media?parent=13088"}],"wp:term":[{"taxonomy":"product_brand","embeddable":true,"href":"https:\/\/alaslibertadconsciente.com\/cursosonline\/wp-json\/wp\/v2\/product_brand?post=13088"},{"taxonomy":"product_cat","embeddable":true,"href":"https:\/\/alaslibertadconsciente.com\/cursosonline\/wp-json\/wp\/v2\/product_cat?post=13088"},{"taxonomy":"product_tag","embeddable":true,"href":"https:\/\/alaslibertadconsciente.com\/cursosonline\/wp-json\/wp\/v2\/product_tag?post=13088"}],"curies":[{"name":"wp","href":"https:\/\/api.w.org\/{rel}","templated":true}]}}