{"id":13606,"date":"2026-03-02T13:34:39","date_gmt":"2026-03-02T18:34:39","guid":{"rendered":"https:\/\/alaslibertadconsciente.com\/cursosonline\/?post_type=product&#038;p=13606"},"modified":"2026-03-02T13:35:54","modified_gmt":"2026-03-02T18:35:54","slug":"maestria-angelical-2026-pago-mensual","status":"publish","type":"product","link":"https:\/\/alaslibertadconsciente.com\/cursosonline\/product\/maestria-angelical-2026-pago-mensual\/","title":{"rendered":"Maestr\u00eda Angelical 2026 Pago Mensual"},"content":{"rendered":"<div>Recuerda que los \u00c1ngeles traen consciencia al Ser de su propia Luz y del poder para transformarse y llevar su vida a un estado pleno y hoy estos seres de Luz ponen a nuestra disposici\u00f3n toda su energ\u00eda y su poder para apoyar la evoluci\u00f3n de la humanidad.<\/div>\n<div>En esta Maestr\u00eda aprender\u00e1s a usar diferentes herramientas de energ\u00eda Angelical que te permitir\u00e1 a ti como servidor de Luz apoyar los procesos de sanaci\u00f3n y elevaci\u00f3n de consciencia de tus consultantes y lo m\u00e1s importante podr\u00e1s usarlas en tu propio proceso evolutivo.<\/div>\n<div><\/div>\n<div>Al terminar este programa estar\u00e1s listo para entregar gu\u00eda de los \u00e1ngeles y energ\u00eda de sanaci\u00f3n que te permita a ti y a otros reconocerse a s\u00ed mismos, a su vida, su potencial y su evoluci\u00f3n.<\/div>\n","protected":false},"excerpt":{"rendered":"<p>\ud83d\udcda *Contenidos del Curso:*<\/p>\n<p>Descubre la Dimensi\u00f3n Angelical y su papel en el universo.<br \/>\nAprende herramientas de canalizaci\u00f3n, desde escritura autom\u00e1tica hasta el uso del Tarot Angelical.<br \/>\nSum\u00e9rgete en la sanaci\u00f3n angelical con t\u00e9cnicas como Reiki Ang\u00e9lico y P\u00e9ndulo Angelical<\/p>\n<p>\ud83d\udcbb Modalidad: Virtual con clases en vivo cada 15 d\u00edas, contenido pregrabado, y material para desarrollar entre clases en nuestra plataforma web.<\/p>\n<p>\ud83c\udf93 Certificaci\u00f3n: Al finalizar, recibir\u00e1s el certificado de Maestr\u00eda Angelical.<\/p>\n","protected":false},"featured_media":6744,"comment_status":"open","ping_status":"closed","template":"","meta":{"_et_pb_use_builder":"","_et_pb_old_content":"","_et_gb_content_width":""},"product_brand":[],"product_cat":[16],"product_tag":[],"class_list":{"0":"post-13606","1":"product","2":"type-product","3":"status-publish","4":"has-post-thumbnail","6":"product_cat-cursos","8":"first","9":"instock","10":"virtual","11":"purchasable","12":"product-type-simple"},"_links":{"self":[{"href":"https:\/\/alaslibertadconsciente.com\/cursosonline\/wp-json\/wp\/v2\/product\/13606","targetHints":{"allow":["GET"]}}],"collection":[{"href":"https:\/\/alaslibertadconsciente.com\/cursosonline\/wp-json\/wp\/v2\/product"}],"about":[{"href":"https:\/\/alaslibertadconsciente.com\/cursosonline\/wp-json\/wp\/v2\/types\/product"}],"replies":[{"embeddable":true,"href":"https:\/\/alaslibertadconsciente.com\/cursosonline\/wp-json\/wp\/v2\/comments?post=13606"}],"wp:featuredmedia":[{"embeddable":true,"href":"https:\/\/alaslibertadconsciente.com\/cursosonline\/wp-json\/wp\/v2\/media\/6744"}],"wp:attachment":[{"href":"https:\/\/alaslibertadconsciente.com\/cursosonline\/wp-json\/wp\/v2\/media?parent=13606"}],"wp:term":[{"taxonomy":"product_brand","embeddable":true,"href":"https:\/\/alaslibertadconsciente.com\/cursosonline\/wp-json\/wp\/v2\/product_brand?post=13606"},{"taxonomy":"product_cat","embeddable":true,"href":"https:\/\/alaslibertadconsciente.com\/cursosonline\/wp-json\/wp\/v2\/product_cat?post=13606"},{"taxonomy":"product_tag","embeddable":true,"href":"https:\/\/alaslibertadconsciente.com\/cursosonline\/wp-json\/wp\/v2\/product_tag?post=13606"}],"curies":[{"name":"wp","href":"https:\/\/api.w.org\/{rel}","templated":true}]}}