{"id":5243,"date":"2022-02-04T17:23:11","date_gmt":"2022-02-04T17:23:11","guid":{"rendered":"https:\/\/alaslibertadconsciente.com\/cursosonline\/?post_type=product&#038;p=5243"},"modified":"2025-04-22T11:24:56","modified_gmt":"2025-04-22T16:24:56","slug":"coach-espiritual-mensual","status":"publish","type":"product","link":"https:\/\/alaslibertadconsciente.com\/cursosonline\/product\/coach-espiritual-mensual\/","title":{"rendered":"Coach Espiritual &#8211; Pago Mensual Inicia Mayo 2025"},"content":{"rendered":"<p>Esta certificaci\u00f3n fue dise\u00f1ada bajo instrucci\u00f3n del Arc\u00e1ngel Metatr\u00f3n para que los servidores de luz ampliar\u00e1n sus herramientas de transformaci\u00f3n y sanaci\u00f3n.<\/p>\n<p>Si ya eres servidor de Luz, Ange\u00f3log@, sanador, canalizador o has recibido formaci\u00f3n espiritual para tu evoluci\u00f3n y el servicio a otros, est\u00e1 certificaci\u00f3n es para ti!<\/p>\n<p>Un Coach Espiritual es aquel que tiene herramientas para entrenar a otros en el desarrollo de la inteligencia espiritual con el objetivo que encuentren su prop\u00f3sito divino, liberen creencias limitantes y descubran en su interior toda la potencialidad que tienen para vivir en plenitud.<br \/>\nObtendr\u00e1s herramientas que complementan las que ya has adquirido y te ayudar\u00e1n a identificar cu\u00e1les son los aspectos de transformaci\u00f3n interior que se deben realizar para la evoluci\u00f3n del ser.<\/p>\n<p>Tiene una duraci\u00f3n de 7 meses y recibir\u00e1s formaci\u00f3n en:<\/p>\n<p>-Fundamentos de PNL (Programaci\u00f3n Neuroling\u00fc\u00edstica)<\/p>\n<p>-Fundamentos de mindfulness.<\/p>\n<p>-Apertura de registros Akashicos<\/p>\n<p>-Herramientas de Coaching<\/p>\n<p>-Emprendimiento Espiritual<\/p>\n<p>La Certificaci\u00f3n como Coach Espiritual tiene una duraci\u00f3n de 7 meses: 8 horas mensuales, las clases son <em>ON LINE EN VIVO a trav\u00e9s de la plataforma Zoom <\/em>para que recibas en cada una el apoyo y acompa\u00f1amiento que necesitas y todas tus dudas puedan ser resueltas en el momento; pero si por alguna raz\u00f3n no puedes asistir a alguna clase o quieres tener las memorias de la misma, tendr\u00e1s acceso a nuestra plataforma virtual de por vida.<\/p>\n","protected":false},"excerpt":{"rendered":"<p>Esta certificaci\u00f3n fue dise\u00f1ada bajo instrucci\u00f3n del Arc\u00e1ngel Metatr\u00f3n para que los servidores de luz ampliar\u00e1n sus herramientas de transformaci\u00f3n y sanaci\u00f3n.<br \/>\nSi ya eres servidor de Luz, Ange\u00f3log@, sanador, canalizador o has recibido formaci\u00f3n espiritual para tu evoluci\u00f3n y el servicio a otros, est\u00e1 certificaci\u00f3n es para ti!<\/p>\n","protected":false},"featured_media":8670,"comment_status":"open","ping_status":"closed","template":"","meta":{"_et_pb_use_builder":"","_et_pb_old_content":"","_et_gb_content_width":""},"product_brand":[],"product_cat":[16],"product_tag":[],"class_list":{"0":"post-5243","1":"product","2":"type-product","3":"status-publish","4":"has-post-thumbnail","6":"product_cat-cursos","8":"first","9":"instock","10":"virtual","11":"purchasable","12":"product-type-simple"},"_links":{"self":[{"href":"https:\/\/alaslibertadconsciente.com\/cursosonline\/wp-json\/wp\/v2\/product\/5243","targetHints":{"allow":["GET"]}}],"collection":[{"href":"https:\/\/alaslibertadconsciente.com\/cursosonline\/wp-json\/wp\/v2\/product"}],"about":[{"href":"https:\/\/alaslibertadconsciente.com\/cursosonline\/wp-json\/wp\/v2\/types\/product"}],"replies":[{"embeddable":true,"href":"https:\/\/alaslibertadconsciente.com\/cursosonline\/wp-json\/wp\/v2\/comments?post=5243"}],"wp:featuredmedia":[{"embeddable":true,"href":"https:\/\/alaslibertadconsciente.com\/cursosonline\/wp-json\/wp\/v2\/media\/8670"}],"wp:attachment":[{"href":"https:\/\/alaslibertadconsciente.com\/cursosonline\/wp-json\/wp\/v2\/media?parent=5243"}],"wp:term":[{"taxonomy":"product_brand","embeddable":true,"href":"https:\/\/alaslibertadconsciente.com\/cursosonline\/wp-json\/wp\/v2\/product_brand?post=5243"},{"taxonomy":"product_cat","embeddable":true,"href":"https:\/\/alaslibertadconsciente.com\/cursosonline\/wp-json\/wp\/v2\/product_cat?post=5243"},{"taxonomy":"product_tag","embeddable":true,"href":"https:\/\/alaslibertadconsciente.com\/cursosonline\/wp-json\/wp\/v2\/product_tag?post=5243"}],"curies":[{"name":"wp","href":"https:\/\/api.w.org\/{rel}","templated":true}]}}